{"id":2863,"date":"2021-10-19T10:22:11","date_gmt":"2021-10-19T09:22:11","guid":{"rendered":"https:\/\/www.icehawks.at\/hockeyclub\/?page_id=2863"},"modified":"2022-09-12T10:42:31","modified_gmt":"2022-09-12T09:42:31","slug":"konzept","status":"publish","type":"page","link":"https:\/\/www.icehawks.at\/hockeyclub\/index.php\/konzept\/","title":{"rendered":"Konzept"},"content":{"rendered":"<p>[vc_row css=&#8220;.vc_custom_1463052281833{margin-bottom: 34px !important;}&#8220;][vc_column width=&#8220;1\/2&#8243;][vc_column_text]<\/p>\n<h5>Skating<\/h5>\n<p>[\/vc_column_text][vc_column_text el_class=&#8220;stm-opacity-8&#8243;]Die Grundlage unseres Sports und der Beginn einer fundierten Ausbildung.<\/p>\n<p>Schon bei den ersten Trainings lernen unsere Kleinsten auf spielerische Weise den Umgang mit den Kufen. Zuerst mit lustigen Spielen, dann mit den ersten \u00dcbungen und zuletzt mit Power Skating Einheiten die wir bis zur U-20 regelm\u00e4\u00dfig durchf\u00fchren.<\/p>\n<p>Einzigartig dabei in \u00d6sterreich ist die M\u00f6glichkeit, die Skating Technik individuell auf der Skatemill in unserer Halle zu perfektionieren.[\/vc_column_text][\/vc_column][vc_column width=&#8220;1\/2&#8243;][vc_single_image image=&#8220;2868&#8243; img_size=&#8220;full&#8220; css_animation=&#8220;left-to-right&#8220;][\/vc_column][\/vc_row][vc_row css=&#8220;.vc_custom_1463052281833{margin-bottom: 34px !important;}&#8220;][vc_column width=&#8220;1\/2&#8243;][vc_single_image image=&#8220;2869&#8243; img_size=&#8220;full&#8220; css_animation=&#8220;left-to-right&#8220;][\/vc_column][vc_column width=&#8220;1\/2&#8243;][vc_column_text el_class=&#8220;stm-opacity-8&#8243;]<\/p>\n<h5>Stickhandling<\/h5>\n<p>[\/vc_column_text][vc_column_text]Nachdem es unserem Nachwuchs gelingt sich sicher auf dem rutschigen Untergrund zu bewegen, kommt die Hand-Augen-Koordination dazu.<\/p>\n<p>Auch hier wenden wir unser Ausbildungskonzept an, welches mit spielerischen \u00dcbungen beginnt und die bestm\u00f6gliche Puckkontrolle zum Ziel hat.<\/p>\n<p>Hervorheben m\u00f6chten wir auch die Tatsache, dass wir als eine der wenigen Hallen in \u00d6sterreich \u00fcber eine Schussbox verf\u00fcgen, die unser Nachwuchs jederzeit verwenden kann, um die Schuss- und Stickhandling F\u00e4higkeiten zu optimieren.[\/vc_column_text][\/vc_column][\/vc_row][vc_row full_width=&#8220;stretch_row&#8220; css=&#8220;.vc_custom_1662975751044{margin-bottom: 34px !important;background: #d0d0ce url(https:\/\/www.icehawks.at\/hockeyclub\/wp-content\/uploads\/2021\/10\/Icehawks_Bruck_Insta_Start_1-scaled.jpg?id=2895) !important;}&#8220;][vc_column][stm_images_grid columns=&#8220;3&#8243; load_by=&#8220;3&#8243; images=&#8220;2735,2742,2781&#8243;][\/vc_column][\/vc_row][vc_row css=&#8220;.vc_custom_1463052281833{margin-bottom: 34px !important;}&#8220;][vc_column width=&#8220;1\/2&#8243;][vc_column_text]<\/p>\n<h5>Taktik<\/h5>\n<p>[\/vc_column_text][vc_column_text el_class=&#8220;stm-opacity-8&#8243;]Sobald es aufs Gro\u00dffeld geht, wird\u00b4s auch taktisch so richtig ernst. Denn wir wissen, dass die schnellste Mannschaft mit den besten Sch\u00fctzen nichts erreichen kann, wenn sie das Spiel nicht als Einheit spielt.<\/p>\n<p>Aus diesem Grund werden zuerst Laufwege in \u00dcbungen gepackt, dann taktische Zusammenh\u00e4nge erkl\u00e4rt und in Trainingsspielen probiert. Zur Abrundung arbeiten wir auch mit Videoanalysen, die wir in unserem separaten Analyseraum in Ruhe durchf\u00fchren k\u00f6nnen.[\/vc_column_text][\/vc_column][vc_column width=&#8220;1\/2&#8243;][vc_single_image image=&#8220;2870&#8243; img_size=&#8220;full&#8220; css_animation=&#8220;left-to-right&#8220;][\/vc_column][\/vc_row][vc_row css=&#8220;.vc_custom_1463052281833{margin-bottom: 34px !important;}&#8220;][vc_column width=&#8220;1\/2&#8243;][vc_single_image image=&#8220;2872&#8243; img_size=&#8220;full&#8220; css_animation=&#8220;left-to-right&#8220;][\/vc_column][vc_column width=&#8220;1\/2&#8243;][vc_column_text el_class=&#8220;stm-opacity-8&#8243;]<\/p>\n<h5>Athletik<\/h5>\n<p>[\/vc_column_text][vc_column_text]Eishockey macht Spa\u00df und bietet viel Freude. Trotzdem gilt auch hier: Ohne Flei\u00df, kein Preis.<\/p>\n<p>Darum ist uns auch das Trockentraining ein gro\u00dfes Anliegen. Um unsere SpielerInnen verletzungsfrei und optimal vorbereitet durch die Saison zu bringen, wird bei uns von Anfang an auch die Athletik trainiert. Auch hier beginnen wir spielerisch und steigern die Intensit\u00e4t mit dem Alter. Was zuerst mit einem Fu\u00dfballspiel im Park neben der Halle beginnt, gipfelt in harten \u00dcbungen in unserem eigenen Trainingsraum.<\/p>\n<p>Auch wenn die Protagonisten manchmal fluchen, die selbstzufriedenen Blicke nach der \u00fcberstandenen Einheit zeigen uns, dass wir am richtigen Weg sind.[\/vc_column_text][\/vc_column][\/vc_row][vc_row full_width=&#8220;stretch_row&#8220; css=&#8220;.vc_custom_1648806800620{background-color: #d0d0ce !important;}&#8220;][vc_column][vc_column_text]<\/p>\n<h1 style=\"text-align: center;\">Methodisches Konzept<\/h1>\n<p style=\"text-align: center;\"><a href=\"https:\/\/www.icehawks.at\/hockeyclub\/index.php\/trainer\/\">Coaching Staff: Theresa Hornich, Stan Holba, Petr Krp\u00e1lek, Mat\u00fa\u0161Mihalko<\/a><\/p>\n<p>[\/vc_column_text][\/vc_column][\/vc_row][vc_row full_width=&#8220;stretch_row&#8220; css=&#8220;.vc_custom_1648806777428{background-color: #d0d0ce !important;}&#8220;][vc_column width=&#8220;1\/4&#8243;][vc_column_text]<\/p>\n<ul>\n<li>Skill Development inkl. Stickhandling<\/li>\n<li>Passing + Shooting<\/li>\n<li>Hockey Sense<\/li>\n<li>Entwicklung von Positionsf\u00e4higkeiten<\/li>\n<li>Powerskating<\/li>\n<\/ul>\n<p>[\/vc_column_text][\/vc_column][vc_column width=&#8220;1\/4&#8243;][vc_column_text]<\/p>\n<ul>\n<li>1 : 1<\/li>\n<li>Spielsituationen 2 : 1, 2 : 2, 3 : 2, 3 : 3<\/li>\n<li>Mannschaftsspiel 4 : 4, 5 : 5<\/li>\n<li>Powerplay<\/li>\n<li>Penalty Kill<\/li>\n<li>Videoanalyse<\/li>\n<\/ul>\n<p>[\/vc_column_text][\/vc_column][vc_column width=&#8220;1\/4&#8243;][vc_column_text]<\/p>\n<ul>\n<li>Theoretische Vorbereitung des Spielers<\/li>\n<li>Tormanntraining<\/li>\n<li>Skatemill<\/li>\n<li>Fitnessstudio (auch Vorbereitung auf NHL Draft Testing)<\/li>\n<li>Sportspiele<\/li>\n<\/ul>\n<p>[\/vc_column_text][\/vc_column][vc_column width=&#8220;1\/4&#8243;][vc_column_text]<\/p>\n<ul>\n<li>Off-ice Training<\/li>\n<li>Aerobic + Anaerobic Training<\/li>\n<li>Strenght + Speed Training<\/li>\n<li>Quickness + Agility Training<\/li>\n<li>Flexibility\u00a0 + Stretching<\/li>\n<li>Ern\u00e4hrung f\u00fcr Hockey<\/li>\n<\/ul>\n<p>[\/vc_column_text][\/vc_column][\/vc_row]<\/p>\n","protected":false},"excerpt":{"rendered":"<p>[vc_row css=&#8220;.vc_custom_1463052281833{margin-bottom: 34px !important;}&#8220;][vc_column width=&#8220;1\/2&#8243;][vc_column_text] Skating [\/vc_column_text][vc_column_text el_class=&#8220;stm-opacity-8&#8243;]Die Grundlage unseres Sports und der Beginn einer fundierten Ausbildung. Schon bei den ersten Trainings lernen unsere Kleinsten auf spielerische Weise den Umgang mit den Kufen. Zuerst mit lustigen Spielen, dann mit den ersten \u00dcbungen und zuletzt mit Power Skating Einheiten die wir bis zur U-20 regelm\u00e4\u00dfig durchf\u00fchren&#8230;.<\/p>\n","protected":false},"author":1,"featured_media":0,"parent":0,"menu_order":0,"comment_status":"closed","ping_status":"closed","template":"","meta":{"_monsterinsights_skip_tracking":false,"_monsterinsights_sitenote_active":false,"_monsterinsights_sitenote_note":"","_monsterinsights_sitenote_category":0,"footnotes":""},"class_list":["post-2863","page","type-page","status-publish","hentry"],"_links":{"self":[{"href":"https:\/\/www.icehawks.at\/hockeyclub\/index.php\/wp-json\/wp\/v2\/pages\/2863","targetHints":{"allow":["GET"]}}],"collection":[{"href":"https:\/\/www.icehawks.at\/hockeyclub\/index.php\/wp-json\/wp\/v2\/pages"}],"about":[{"href":"https:\/\/www.icehawks.at\/hockeyclub\/index.php\/wp-json\/wp\/v2\/types\/page"}],"author":[{"embeddable":true,"href":"https:\/\/www.icehawks.at\/hockeyclub\/index.php\/wp-json\/wp\/v2\/users\/1"}],"replies":[{"embeddable":true,"href":"https:\/\/www.icehawks.at\/hockeyclub\/index.php\/wp-json\/wp\/v2\/comments?post=2863"}],"version-history":[{"count":20,"href":"https:\/\/www.icehawks.at\/hockeyclub\/index.php\/wp-json\/wp\/v2\/pages\/2863\/revisions"}],"predecessor-version":[{"id":3814,"href":"https:\/\/www.icehawks.at\/hockeyclub\/index.php\/wp-json\/wp\/v2\/pages\/2863\/revisions\/3814"}],"wp:attachment":[{"href":"https:\/\/www.icehawks.at\/hockeyclub\/index.php\/wp-json\/wp\/v2\/media?parent=2863"}],"curies":[{"name":"wp","href":"https:\/\/api.w.org\/{rel}","templated":true}]}}